{"id":17302,"date":"2022-09-07T06:12:07","date_gmt":"2022-09-07T06:12:07","guid":{"rendered":"https:\/\/dojo.deeamo.fr\/?page_id=17302"},"modified":"2022-09-13T08:36:18","modified_gmt":"2022-09-13T08:36:18","slug":"inscription","status":"publish","type":"page","link":"https:\/\/dojo.deeamo.fr\/index.php\/fr\/inscription\/","title":{"rendered":"Inscription"},"content":{"rendered":"\t\t<div data-elementor-type=\"wp-page\" data-elementor-id=\"17302\" class=\"elementor elementor-17302\" data-elementor-post-type=\"page\">\n\t\t\t\t\t\t<section class=\"elementor-section elementor-top-section elementor-element elementor-element-caa009e elementor-section-boxed elementor-section-height-default elementor-section-height-default\" data-id=\"caa009e\" data-element_type=\"section\">\n\t\t\t\t\t\t<div class=\"elementor-container elementor-column-gap-default\">\n\t\t\t\t\t<div class=\"elementor-column elementor-col-100 elementor-top-column elementor-element elementor-element-18a4c22\" data-id=\"18a4c22\" data-element_type=\"column\">\n\t\t\t<div class=\"elementor-widget-wrap elementor-element-populated\">\n\t\t\t\t\t\t<div class=\"elementor-element elementor-element-c650aae elementor-widget elementor-widget-spacer\" data-id=\"c650aae\" data-element_type=\"widget\" data-widget_type=\"spacer.default\">\n\t\t\t\t<div class=\"elementor-widget-container\">\n\t\t\t\t\t<div class=\"elementor-spacer\">\n\t\t\t<div class=\"elementor-spacer-inner\"><\/div>\n\t\t<\/div>\n\t\t\t\t<\/div>\n\t\t\t\t<\/div>\n\t\t\t\t\t<\/div>\n\t\t<\/div>\n\t\t\t\t\t<\/div>\n\t\t<\/section>\n\t\t\t\t<section class=\"elementor-section elementor-top-section elementor-element elementor-element-820c40c elementor-section-boxed elementor-section-height-default elementor-section-height-default\" data-id=\"820c40c\" data-element_type=\"section\">\n\t\t\t\t\t\t<div class=\"elementor-container elementor-column-gap-default\">\n\t\t\t\t\t<div class=\"elementor-column elementor-col-100 elementor-top-column elementor-element elementor-element-40f524a\" data-id=\"40f524a\" data-element_type=\"column\">\n\t\t\t<div class=\"elementor-widget-wrap elementor-element-populated\">\n\t\t\t\t\t\t<section class=\"elementor-section elementor-inner-section elementor-element elementor-element-5d441a0 elementor-section-boxed elementor-section-height-default elementor-section-height-default\" data-id=\"5d441a0\" data-element_type=\"section\">\n\t\t\t\t\t\t<div class=\"elementor-container elementor-column-gap-default\">\n\t\t\t\t\t<div class=\"elementor-column elementor-col-50 elementor-inner-column elementor-element elementor-element-62a5935\" data-id=\"62a5935\" data-element_type=\"column\" data-settings=\"{&quot;background_background&quot;:&quot;slideshow&quot;,&quot;background_slideshow_gallery&quot;:[{&quot;id&quot;:13392,&quot;url&quot;:&quot;https:\\\/\\\/dojo.deeamo.fr\\\/wp-content\\\/uploads\\\/2022\\\/06\\\/Thunder_concept04.jpg&quot;},{&quot;id&quot;:6892,&quot;url&quot;:&quot;https:\\\/\\\/dojo.deeamo.fr\\\/wp-content\\\/uploads\\\/2021\\\/03\\\/Coffe.jpg&quot;},{&quot;id&quot;:13386,&quot;url&quot;:&quot;https:\\\/\\\/dojo.deeamo.fr\\\/wp-content\\\/uploads\\\/2022\\\/06\\\/Fire_concept03.jpg&quot;},{&quot;id&quot;:10527,&quot;url&quot;:&quot;https:\\\/\\\/dojo.deeamo.fr\\\/wp-content\\\/uploads\\\/2022\\\/03\\\/Woki_11-1.jpg&quot;},{&quot;id&quot;:13383,&quot;url&quot;:&quot;https:\\\/\\\/dojo.deeamo.fr\\\/wp-content\\\/uploads\\\/2022\\\/06\\\/Explosion-Concept_07.jpg&quot;},{&quot;id&quot;:10521,&quot;url&quot;:&quot;https:\\\/\\\/dojo.deeamo.fr\\\/wp-content\\\/uploads\\\/2022\\\/03\\\/Fairy_CAT_5.jpg&quot;},{&quot;id&quot;:8025,&quot;url&quot;:&quot;https:\\\/\\\/dojo.deeamo.fr\\\/wp-content\\\/uploads\\\/2022\\\/01\\\/Legend_02.jpg&quot;},{&quot;id&quot;:8038,&quot;url&quot;:&quot;https:\\\/\\\/dojo.deeamo.fr\\\/wp-content\\\/uploads\\\/2022\\\/01\\\/Hokusai\\u0308_01.jpg&quot;},{&quot;id&quot;:11228,&quot;url&quot;:&quot;https:\\\/\\\/dojo.deeamo.fr\\\/wp-content\\\/uploads\\\/2022\\\/04\\\/FIRE_Punch_mockup.jpg&quot;},{&quot;id&quot;:13387,&quot;url&quot;:&quot;https:\\\/\\\/dojo.deeamo.fr\\\/wp-content\\\/uploads\\\/2022\\\/06\\\/Fire_concept04.jpg&quot;}],&quot;background_slideshow_ken_burns&quot;:&quot;yes&quot;,&quot;background_slideshow_ken_burns_zoom_direction&quot;:&quot;out&quot;,&quot;background_slideshow_loop&quot;:&quot;yes&quot;,&quot;background_slideshow_slide_duration&quot;:5000,&quot;background_slideshow_slide_transition&quot;:&quot;fade&quot;,&quot;background_slideshow_transition_duration&quot;:500}\">\n\t\t\t<div class=\"elementor-widget-wrap\">\n\t\t\t\t\t\t\t<\/div>\n\t\t<\/div>\n\t\t\t\t<div class=\"elementor-column elementor-col-50 elementor-inner-column elementor-element elementor-element-9c89741\" data-id=\"9c89741\" data-element_type=\"column\">\n\t\t\t<div class=\"elementor-widget-wrap elementor-element-populated\">\n\t\t\t\t\t\t<div class=\"elementor-element elementor-element-c3a0a48 elementor-widget elementor-widget-heading\" data-id=\"c3a0a48\" data-element_type=\"widget\" data-widget_type=\"heading.default\">\n\t\t\t\t<div class=\"elementor-widget-container\">\n\t\t\t<h2 class=\"elementor-heading-title elementor-size-default\">Rejoinds le DOJO<\/h2>\t\t<\/div>\n\t\t\t\t<\/div>\n\t\t\t\t<div class=\"elementor-element elementor-element-20e640d elementor-widget elementor-widget-wppb-register\" data-id=\"20e640d\" data-element_type=\"widget\" data-widget_type=\"wppb-register.default\">\n\t\t\t\t<div class=\"elementor-widget-container\">\n\t\t\t<div class=\"wppb-register-form-widget\">        <form enctype=\"multipart\/form-data\" method=\"post\" id=\"wppb-register-user\" class=\"wppb-user-forms wppb-register-user wppb-user-logged-out\" action=\"https:\/\/dojo.deeamo.fr\/index.php\/wp-json\/wp\/v2\/pages\/17302\">\n\t\t\t<ul><li class=\"wppb-form-field wppb-default-e-mail\" id=\"wppb-form-element-8\">\n\t\t\t<label for=\"email\">E-mail<span class=\"wppb-required\" title=\"This field is required\">*<\/span><\/label>\n\t\t\t<input class=\"text-input default_field_email \" name=\"email\" maxlength=\"70\" type=\"email\" id=\"email\" value=\"\"   \/><\/li><li class=\"wppb-form-field wppb-default-password\" id=\"wppb-form-element-12\">\n\t\t\t<label for=\"passw1\">Mot de passe<span class=\"wppb-required\" title=\"This field is required\">*<\/span><\/label>\n            <span class=\"wppb-password-field-container\">\n\t\t\t    <input class=\"text-input \" name=\"passw1\" maxlength=\"70\" type=\"password\" id=\"passw1\" value=\"\" autocomplete=\"off\" \/>\n\t\t\t    \n            <button type=\"button\" class=\"wppb-toggle-pw wppb-show-pw hide-if-no-js\" data-toggle=\"0\" aria-label=\"Show password\" tabindex=\"-1\">\n                <img decoding=\"async\" src=\"https:\/\/dojo.deeamo.fr\/wp-content\/plugins\/profile-builder\/\/assets\/images\/eye-outline.svg\" title=\"Show password\" width=\"20px\" height=\"20px\" \/>\n            <\/button> <!-- add the HTML for the visibility toggle -->\n\t\t\t<\/span><span class=\"wppb-description-delimiter\">Minimum length of 6 characters. <br>The password must have a minimum strength of Medium<\/span><span id=\"pass-strength-result\">Strength indicator<\/span>\n        <input type=\"hidden\" value=\"\" name=\"wppb_password_strength\" id=\"wppb_password_strength\"\/><\/li><li class=\"wppb-form-field wppb-recaptcha wppb-recaptcha-v2\" id=\"wppb-form-element-17\"><label for=\"recaptcha_response_field\">Anti BOT<span class=\"wppb-required\" title=\"This field is required\">*<\/span><\/label><div id=\"wppb-recaptcha-element-pb_register1\" class=\"wppb-recaptcha-element \"><\/div><span class=\"wppb-description-delimiter\">Afficher les champs pour adresse d'exp\u00e9dition du client sur le \"Front-End\".<\/span><\/li><li class=\"wppb-form-field wppb-mailchimp-subscribe\" id=\"wppb-form-element-14\"><label for=\"custom_field_mailchimp_subscribe_14\"><input name=\"custom_field_mailchimp_subscribe_14\" id=\"custom_field_mailchimp_subscribe_14\" class=\"extra_field_mailchimp\" type=\"checkbox\" value=\"385c1b5d6f\" checked=\"checked\" \/>Boost_Inspiration 2.0<\/label><\/li><\/ul><ul><input id=\"send_credentials_via_email\" type=\"hidden\" name=\"send_credentials_via_email\" value=\"sending\"\/><\/ul>\t\t\t<p class=\"form-submit\"  >\n\t\t\t\t                \t\t\t\t<input name=\"register\" type=\"submit\" id=\"register\" class=\"submit button\" value=\"Register\" \/>\n                <input name=\"redirect_to\" type=\"hidden\" value=\"https:\/\/dojo.deeamo.fr\/index.php\/fr\/inscription\/\" \/>\n                \t\t\t\t<input name=\"action\" type=\"hidden\" id=\"action\" value=\"register\" \/>\n\t\t\t\t<input name=\"form_name\" type=\"hidden\" id=\"form_name\" value=\"unspecified\" \/>\n\t\t\t\t<input name=\"form_id\" type=\"hidden\" id=\"form_id\" value=\"\" \/>\n\t\t\t\t\t\t\t<\/p><!-- .form-submit -->\n\t\t\t<input type=\"hidden\" id=\"register_unspecified_nonce_field\" name=\"register_unspecified_nonce_field\" value=\"1991fed791\" \/><input type=\"hidden\" name=\"_wp_http_referer\" value=\"\/index.php\/wp-json\/wp\/v2\/pages\/17302\" \/>\t\t<\/form>\n\t\t<\/div>\t\t<\/div>\n\t\t\t\t<\/div>\n\t\t\t\t\t<\/div>\n\t\t<\/div>\n\t\t\t\t\t<\/div>\n\t\t<\/section>\n\t\t\t\t\t<\/div>\n\t\t<\/div>\n\t\t\t\t\t<\/div>\n\t\t<\/section>\n\t\t\t\t<section class=\"elementor-section elementor-top-section elementor-element elementor-element-d95cf75 elementor-section-boxed elementor-section-height-default elementor-section-height-default\" data-id=\"d95cf75\" data-element_type=\"section\">\n\t\t\t\t\t\t<div class=\"elementor-container elementor-column-gap-default\">\n\t\t\t\t\t<div class=\"elementor-column elementor-col-100 elementor-top-column elementor-element elementor-element-39cde2f\" data-id=\"39cde2f\" data-element_type=\"column\">\n\t\t\t<div class=\"elementor-widget-wrap elementor-element-populated\">\n\t\t\t\t\t\t<div class=\"elementor-element elementor-element-c061e64 elementor-testimonial--skin-default elementor-testimonial--layout-image_inline elementor-testimonial--align-center elementor-arrows-yes elementor-pagination-type-bullets elementor-widget elementor-widget-testimonial-carousel\" data-id=\"c061e64\" data-element_type=\"widget\" data-settings=\"{&quot;speed&quot;:800,&quot;show_arrows&quot;:&quot;yes&quot;,&quot;pagination&quot;:&quot;bullets&quot;,&quot;autoplay&quot;:&quot;yes&quot;,&quot;autoplay_speed&quot;:5000,&quot;loop&quot;:&quot;yes&quot;,&quot;pause_on_hover&quot;:&quot;yes&quot;,&quot;pause_on_interaction&quot;:&quot;yes&quot;,&quot;space_between&quot;:{&quot;unit&quot;:&quot;px&quot;,&quot;size&quot;:10,&quot;sizes&quot;:[]},&quot;space_between_tablet&quot;:{&quot;unit&quot;:&quot;px&quot;,&quot;size&quot;:10,&quot;sizes&quot;:[]},&quot;space_between_mobile&quot;:{&quot;unit&quot;:&quot;px&quot;,&quot;size&quot;:10,&quot;sizes&quot;:[]}}\" data-widget_type=\"testimonial-carousel.default\">\n\t\t\t\t<div class=\"elementor-widget-container\">\n\t\t\t\t\t<div class=\"elementor-swiper\">\n\t\t\t<div class=\"elementor-main-swiper swiper\">\n\t\t\t\t<div class=\"swiper-wrapper\">\n\t\t\t\t\t\t\t\t\t\t\t<div class=\"swiper-slide\">\n\t\t\t\t\t\t\t\t\t<div class=\"elementor-testimonial\">\n\t\t\t\t\t\t\t<div class=\"elementor-testimonial__content\">\n\t\t\t\t\t<div class=\"elementor-testimonial__text\">\n\t\t\t\t\t\tMerci \u00e0 toi de partager ton savoir, j\u2019imagine que t\u2019as des tas de messages  T\u2019es newsletters ont agis un peu comme un rappel qui disait au \u00ab\u00a0moi profond\u00a0\u00bb : n\u2019oublies pas tes r\u00eaves !\n\nPour \u00e7a aussi merci !! \ud83d\ude4f\u2728\t\t\t\t\t<\/div>\n\t\t\t\t\t\t\t\t\t<\/div>\n\t\t\t\t\t\t<div class=\"elementor-testimonial__footer\">\n\t\t\t\t\t\t\t\t\t<div class=\"elementor-testimonial__image\">\n\t\t\t\t\t\t<img decoding=\"async\" src=\"https:\/\/dojo.deeamo.fr\/wp-content\/uploads\/2022\/01\/Capture-de\u0301cran-2022-01-30-a\u0300-10.31.00.png\" alt=\"Kaizen_key\">\n\t\t\t\t\t\t\t\t\t\t\t<\/div>\n\t\t\t\t\t\t\t\t<cite class=\"elementor-testimonial__cite\"><span class=\"elementor-testimonial__name\">Kaizen_key<\/span><span class=\"elementor-testimonial__title\">Animateur Illustrateur 2D<\/span><\/cite>\t\t\t<\/div>\n\t\t<\/div>\n\t\t\t\t\t\t\t\t<\/div>\n\t\t\t\t\t\t\t\t\t\t\t<div class=\"swiper-slide\">\n\t\t\t\t\t\t\t\t\t<div class=\"elementor-testimonial\">\n\t\t\t\t\t\t\t<div class=\"elementor-testimonial__content\">\n\t\t\t\t\t<div class=\"elementor-testimonial__text\">\n\t\t\t\t\t\tHey Julien, je me suis abonn\u00e9 \u00e0 la newsletter et c'est trop bien, il y a beaucoup d'\u00e9nergie de motivation et \u00e7a a l'air tr\u00e8s pro.\t\t\t\t\t<\/div>\n\t\t\t\t\t\t\t\t\t<\/div>\n\t\t\t\t\t\t<div class=\"elementor-testimonial__footer\">\n\t\t\t\t\t\t\t\t\t<div class=\"elementor-testimonial__image\">\n\t\t\t\t\t\t<img decoding=\"async\" src=\"https:\/\/dojo.deeamo.fr\/wp-content\/uploads\/2022\/01\/Capture-de\u0301cran-2022-01-30-a\u0300-10.22.53.png\" alt=\"Naokiaraiza\">\n\t\t\t\t\t\t\t\t\t\t\t<\/div>\n\t\t\t\t\t\t\t\t<cite class=\"elementor-testimonial__cite\"><span class=\"elementor-testimonial__name\">Naokiaraiza<\/span><span class=\"elementor-testimonial__title\">Senior Animateur 2D FX<\/span><\/cite>\t\t\t<\/div>\n\t\t<\/div>\n\t\t\t\t\t\t\t\t<\/div>\n\t\t\t\t\t\t\t\t\t\t\t<div class=\"swiper-slide\">\n\t\t\t\t\t\t\t\t\t<div class=\"elementor-testimonial\">\n\t\t\t\t\t\t\t<div class=\"elementor-testimonial__content\">\n\t\t\t\t\t<div class=\"elementor-testimonial__text\">\n\t\t\t\t\t\t\"Salut ! Juste un petit message pour te dire que ton dernier pack gratuit \"les 5 pilliers... \" est vraiment cool \ud83d\udc4d J'adore voir ton taf c'est mega motivant\"\t\t\t\t\t<\/div>\n\t\t\t\t\t\t\t\t\t<\/div>\n\t\t\t\t\t\t<div class=\"elementor-testimonial__footer\">\n\t\t\t\t\t\t\t\t\t<div class=\"elementor-testimonial__image\">\n\t\t\t\t\t\t<img decoding=\"async\" src=\"https:\/\/dojo.deeamo.fr\/wp-content\/uploads\/2022\/01\/Capture-de\u0301cran-2022-01-30-a\u0300-10.22.40.png\" alt=\"Wubisan\">\n\t\t\t\t\t\t\t\t\t\t\t<\/div>\n\t\t\t\t\t\t\t\t<cite class=\"elementor-testimonial__cite\"><span class=\"elementor-testimonial__name\">Wubisan<\/span><span class=\"elementor-testimonial__title\">Motion designer<\/span><\/cite>\t\t\t<\/div>\n\t\t<\/div>\n\t\t\t\t\t\t\t\t<\/div>\n\t\t\t\t\t\t\t\t\t<\/div>\n\t\t\t\t\t\t\t\t\t\t\t\t\t\t\t<div class=\"swiper-pagination\"><\/div>\n\t\t\t\t\t\t\t\t\t\t\t\t\t\t\t\t<div class=\"elementor-swiper-button elementor-swiper-button-prev\" role=\"button\" tabindex=\"0\">\n\t\t\t\t\t\t\t<i aria-hidden=\"true\" class=\"eicon-chevron-left\"><\/i>\t\t\t\t\t\t\t<span class=\"elementor-screen-only\">Pr\u00e9c\u00e9dent<\/span>\n\t\t\t\t\t\t<\/div>\n\t\t\t\t\t\t<div class=\"elementor-swiper-button elementor-swiper-button-next\" role=\"button\" tabindex=\"0\">\n\t\t\t\t\t\t\t<i aria-hidden=\"true\" class=\"eicon-chevron-right\"><\/i>\t\t\t\t\t\t\t<span class=\"elementor-screen-only\">Suivant<\/span>\n\t\t\t\t\t\t<\/div>\n\t\t\t\t\t\t\t\t\t\t\t\t<\/div>\n\t\t<\/div>\n\t\t\t\t<\/div>\n\t\t\t\t<\/div>\n\t\t\t\t\t<\/div>\n\t\t<\/div>\n\t\t\t\t\t<\/div>\n\t\t<\/section>\n\t\t\t\t<\/div>\n\t\t","protected":false},"excerpt":{"rendered":"<p>Rejoinds le DOJO E-mail* Mot de passe* Minimum length of 6 characters. R\u00e9p\u00e9ter mot de passe* Sign in with Merci \u00e0 toi de partager ton savoir, j\u2019imagine que t\u2019as des tas de messages T\u2019es newsletters ont agis un peu comme un rappel qui disait au \u00ab\u00a0moi profond\u00a0\u00bb : n\u2019oublies pas tes r\u00eaves ! Pour \u00e7a&#8230;<\/p>\n","protected":false},"author":1,"featured_media":0,"parent":0,"menu_order":0,"comment_status":"closed","ping_status":"closed","template":"","meta":{"_kad_post_transparent":"","_kad_post_title":"hide","_kad_post_layout":"fullwidth","_kad_post_sidebar_id":"","_kad_post_content_style":"unboxed","_kad_post_vertical_padding":"hide","_kad_post_feature":"hide","_kad_post_feature_position":"","_kad_post_header":false,"_kad_post_footer":false,"footnotes":""},"class_list":["post-17302","page","type-page","status-publish","hentry"],"yoast_head":"<!-- This site is optimized with the Yoast SEO plugin v25.6 - https:\/\/yoast.com\/wordpress\/plugins\/seo\/ -->\n<title>Inscription - Deeamo DOJO<\/title>\n<meta name=\"robots\" content=\"index, follow, max-snippet:-1, max-image-preview:large, max-video-preview:-1\" \/>\n<link rel=\"canonical\" href=\"https:\/\/dojo.deeamo.fr\/index.php\/fr\/inscription\/\" \/>\n<meta property=\"og:locale\" content=\"fr_FR\" \/>\n<meta property=\"og:type\" content=\"article\" \/>\n<meta property=\"og:title\" content=\"Inscription - Deeamo DOJO\" \/>\n<meta property=\"og:description\" content=\"Rejoinds le DOJO E-mail* Mot de passe* Minimum length of 6 characters. R\u00e9p\u00e9ter mot de passe* Sign in with Merci \u00e0 toi de partager ton savoir, j\u2019imagine que t\u2019as des tas de messages T\u2019es newsletters ont agis un peu comme un rappel qui disait au \u00ab\u00a0moi profond\u00a0\u00bb : n\u2019oublies pas tes r\u00eaves ! Pour \u00e7a...\" \/>\n<meta property=\"og:url\" content=\"https:\/\/dojo.deeamo.fr\/index.php\/fr\/inscription\/\" \/>\n<meta property=\"og:site_name\" content=\"Deeamo DOJO\" \/>\n<meta property=\"article:modified_time\" content=\"2022-09-13T08:36:18+00:00\" \/>\n<meta property=\"og:image\" content=\"https:\/\/dojo.deeamo.fr\/wp-content\/plugins\/profile-builder\/\/assets\/images\/eye-outline.svg\" \/>\n<meta name=\"twitter:card\" content=\"summary_large_image\" \/>\n<meta name=\"twitter:label1\" content=\"Dur\u00e9e de lecture estim\u00e9e\" \/>\n\t<meta name=\"twitter:data1\" content=\"4 minutes\" \/>\n<script type=\"application\/ld+json\" class=\"yoast-schema-graph\">{\"@context\":\"https:\/\/schema.org\",\"@graph\":[{\"@type\":\"WebPage\",\"@id\":\"https:\/\/dojo.deeamo.fr\/index.php\/fr\/inscription\/\",\"url\":\"https:\/\/dojo.deeamo.fr\/index.php\/fr\/inscription\/\",\"name\":\"Inscription - Deeamo DOJO\",\"isPartOf\":{\"@id\":\"https:\/\/dojo.deeamo.fr\/#website\"},\"primaryImageOfPage\":{\"@id\":\"https:\/\/dojo.deeamo.fr\/index.php\/fr\/inscription\/#primaryimage\"},\"image\":{\"@id\":\"https:\/\/dojo.deeamo.fr\/index.php\/fr\/inscription\/#primaryimage\"},\"thumbnailUrl\":\"https:\/\/dojo.deeamo.fr\/wp-content\/plugins\/profile-builder\/\/assets\/images\/eye-outline.svg\",\"datePublished\":\"2022-09-07T06:12:07+00:00\",\"dateModified\":\"2022-09-13T08:36:18+00:00\",\"breadcrumb\":{\"@id\":\"https:\/\/dojo.deeamo.fr\/index.php\/fr\/inscription\/#breadcrumb\"},\"inLanguage\":\"fr-FR\",\"potentialAction\":[{\"@type\":\"ReadAction\",\"target\":[\"https:\/\/dojo.deeamo.fr\/index.php\/fr\/inscription\/\"]}]},{\"@type\":\"ImageObject\",\"inLanguage\":\"fr-FR\",\"@id\":\"https:\/\/dojo.deeamo.fr\/index.php\/fr\/inscription\/#primaryimage\",\"url\":\"https:\/\/dojo.deeamo.fr\/wp-content\/plugins\/profile-builder\/\/assets\/images\/eye-outline.svg\",\"contentUrl\":\"https:\/\/dojo.deeamo.fr\/wp-content\/plugins\/profile-builder\/\/assets\/images\/eye-outline.svg\"},{\"@type\":\"BreadcrumbList\",\"@id\":\"https:\/\/dojo.deeamo.fr\/index.php\/fr\/inscription\/#breadcrumb\",\"itemListElement\":[{\"@type\":\"ListItem\",\"position\":1,\"name\":\"Accueil\",\"item\":\"https:\/\/dojo.deeamo.fr\/index.php\/fr\/deeamo-dojo\/\"},{\"@type\":\"ListItem\",\"position\":2,\"name\":\"Inscription\"}]},{\"@type\":\"WebSite\",\"@id\":\"https:\/\/dojo.deeamo.fr\/#website\",\"url\":\"https:\/\/dojo.deeamo.fr\/\",\"name\":\"Deeamo DOJO\",\"description\":\"Retrouve toutes tes formations \u00e0 l&#039;Animation 2D dans le Dojo\",\"publisher\":{\"@id\":\"https:\/\/dojo.deeamo.fr\/#organization\"},\"potentialAction\":[{\"@type\":\"SearchAction\",\"target\":{\"@type\":\"EntryPoint\",\"urlTemplate\":\"https:\/\/dojo.deeamo.fr\/?s={search_term_string}\"},\"query-input\":{\"@type\":\"PropertyValueSpecification\",\"valueRequired\":true,\"valueName\":\"search_term_string\"}}],\"inLanguage\":\"fr-FR\"},{\"@type\":\"Organization\",\"@id\":\"https:\/\/dojo.deeamo.fr\/#organization\",\"name\":\"Deeamo DOJO\",\"url\":\"https:\/\/dojo.deeamo.fr\/\",\"logo\":{\"@type\":\"ImageObject\",\"inLanguage\":\"fr-FR\",\"@id\":\"https:\/\/dojo.deeamo.fr\/#\/schema\/logo\/image\/\",\"url\":\"https:\/\/dojo.deeamo.fr\/wp-content\/uploads\/2021\/03\/cropped-DOJO_SamuraI\u0308_logo.jpg\",\"contentUrl\":\"https:\/\/dojo.deeamo.fr\/wp-content\/uploads\/2021\/03\/cropped-DOJO_SamuraI\u0308_logo.jpg\",\"width\":355,\"height\":250,\"caption\":\"Deeamo DOJO\"},\"image\":{\"@id\":\"https:\/\/dojo.deeamo.fr\/#\/schema\/logo\/image\/\"}}]}<\/script>\n<!-- \/ Yoast SEO plugin. -->","yoast_head_json":{"title":"Inscription - Deeamo DOJO","robots":{"index":"index","follow":"follow","max-snippet":"max-snippet:-1","max-image-preview":"max-image-preview:large","max-video-preview":"max-video-preview:-1"},"canonical":"https:\/\/dojo.deeamo.fr\/index.php\/fr\/inscription\/","og_locale":"fr_FR","og_type":"article","og_title":"Inscription - Deeamo DOJO","og_description":"Rejoinds le DOJO E-mail* Mot de passe* Minimum length of 6 characters. R\u00e9p\u00e9ter mot de passe* Sign in with Merci \u00e0 toi de partager ton savoir, j\u2019imagine que t\u2019as des tas de messages T\u2019es newsletters ont agis un peu comme un rappel qui disait au \u00ab\u00a0moi profond\u00a0\u00bb : n\u2019oublies pas tes r\u00eaves ! Pour \u00e7a...","og_url":"https:\/\/dojo.deeamo.fr\/index.php\/fr\/inscription\/","og_site_name":"Deeamo DOJO","article_modified_time":"2022-09-13T08:36:18+00:00","og_image":[{"url":"https:\/\/dojo.deeamo.fr\/wp-content\/plugins\/profile-builder\/\/assets\/images\/eye-outline.svg","type":"","width":"","height":""}],"twitter_card":"summary_large_image","twitter_misc":{"Dur\u00e9e de lecture estim\u00e9e":"4 minutes"},"schema":{"@context":"https:\/\/schema.org","@graph":[{"@type":"WebPage","@id":"https:\/\/dojo.deeamo.fr\/index.php\/fr\/inscription\/","url":"https:\/\/dojo.deeamo.fr\/index.php\/fr\/inscription\/","name":"Inscription - Deeamo DOJO","isPartOf":{"@id":"https:\/\/dojo.deeamo.fr\/#website"},"primaryImageOfPage":{"@id":"https:\/\/dojo.deeamo.fr\/index.php\/fr\/inscription\/#primaryimage"},"image":{"@id":"https:\/\/dojo.deeamo.fr\/index.php\/fr\/inscription\/#primaryimage"},"thumbnailUrl":"https:\/\/dojo.deeamo.fr\/wp-content\/plugins\/profile-builder\/\/assets\/images\/eye-outline.svg","datePublished":"2022-09-07T06:12:07+00:00","dateModified":"2022-09-13T08:36:18+00:00","breadcrumb":{"@id":"https:\/\/dojo.deeamo.fr\/index.php\/fr\/inscription\/#breadcrumb"},"inLanguage":"fr-FR","potentialAction":[{"@type":"ReadAction","target":["https:\/\/dojo.deeamo.fr\/index.php\/fr\/inscription\/"]}]},{"@type":"ImageObject","inLanguage":"fr-FR","@id":"https:\/\/dojo.deeamo.fr\/index.php\/fr\/inscription\/#primaryimage","url":"https:\/\/dojo.deeamo.fr\/wp-content\/plugins\/profile-builder\/\/assets\/images\/eye-outline.svg","contentUrl":"https:\/\/dojo.deeamo.fr\/wp-content\/plugins\/profile-builder\/\/assets\/images\/eye-outline.svg"},{"@type":"BreadcrumbList","@id":"https:\/\/dojo.deeamo.fr\/index.php\/fr\/inscription\/#breadcrumb","itemListElement":[{"@type":"ListItem","position":1,"name":"Accueil","item":"https:\/\/dojo.deeamo.fr\/index.php\/fr\/deeamo-dojo\/"},{"@type":"ListItem","position":2,"name":"Inscription"}]},{"@type":"WebSite","@id":"https:\/\/dojo.deeamo.fr\/#website","url":"https:\/\/dojo.deeamo.fr\/","name":"Deeamo DOJO","description":"Retrouve toutes tes formations \u00e0 l&#039;Animation 2D dans le Dojo","publisher":{"@id":"https:\/\/dojo.deeamo.fr\/#organization"},"potentialAction":[{"@type":"SearchAction","target":{"@type":"EntryPoint","urlTemplate":"https:\/\/dojo.deeamo.fr\/?s={search_term_string}"},"query-input":{"@type":"PropertyValueSpecification","valueRequired":true,"valueName":"search_term_string"}}],"inLanguage":"fr-FR"},{"@type":"Organization","@id":"https:\/\/dojo.deeamo.fr\/#organization","name":"Deeamo DOJO","url":"https:\/\/dojo.deeamo.fr\/","logo":{"@type":"ImageObject","inLanguage":"fr-FR","@id":"https:\/\/dojo.deeamo.fr\/#\/schema\/logo\/image\/","url":"https:\/\/dojo.deeamo.fr\/wp-content\/uploads\/2021\/03\/cropped-DOJO_SamuraI\u0308_logo.jpg","contentUrl":"https:\/\/dojo.deeamo.fr\/wp-content\/uploads\/2021\/03\/cropped-DOJO_SamuraI\u0308_logo.jpg","width":355,"height":250,"caption":"Deeamo DOJO"},"image":{"@id":"https:\/\/dojo.deeamo.fr\/#\/schema\/logo\/image\/"}}]}},"_links":{"self":[{"href":"https:\/\/dojo.deeamo.fr\/index.php\/wp-json\/wp\/v2\/pages\/17302","targetHints":{"allow":["GET"]}}],"collection":[{"href":"https:\/\/dojo.deeamo.fr\/index.php\/wp-json\/wp\/v2\/pages"}],"about":[{"href":"https:\/\/dojo.deeamo.fr\/index.php\/wp-json\/wp\/v2\/types\/page"}],"author":[{"embeddable":true,"href":"https:\/\/dojo.deeamo.fr\/index.php\/wp-json\/wp\/v2\/users\/1"}],"replies":[{"embeddable":true,"href":"https:\/\/dojo.deeamo.fr\/index.php\/wp-json\/wp\/v2\/comments?post=17302"}],"version-history":[{"count":41,"href":"https:\/\/dojo.deeamo.fr\/index.php\/wp-json\/wp\/v2\/pages\/17302\/revisions"}],"predecessor-version":[{"id":24110,"href":"https:\/\/dojo.deeamo.fr\/index.php\/wp-json\/wp\/v2\/pages\/17302\/revisions\/24110"}],"wp:attachment":[{"href":"https:\/\/dojo.deeamo.fr\/index.php\/wp-json\/wp\/v2\/media?parent=17302"}],"curies":[{"name":"wp","href":"https:\/\/api.w.org\/{rel}","templated":true}]}}