{"id":17584,"date":"2022-09-13T07:50:32","date_gmt":"2022-09-13T07:50:32","guid":{"rendered":"https:\/\/dojo.deeamo.fr\/?page_id=17584"},"modified":"2022-09-13T08:34:31","modified_gmt":"2022-09-13T08:34:31","slug":"modifier-mon-mot-de-passe","status":"publish","type":"page","link":"https:\/\/dojo.deeamo.fr\/index.php\/fr\/modifier-mon-mot-de-passe\/","title":{"rendered":"Modifier mon mot de passe"},"content":{"rendered":"\t\t<div data-elementor-type=\"wp-page\" data-elementor-id=\"17584\" class=\"elementor elementor-17584\" data-elementor-post-type=\"page\">\n\t\t\t\t\t\t<section class=\"elementor-section elementor-top-section elementor-element elementor-element-6cc998d elementor-section-boxed elementor-section-height-default elementor-section-height-default\" data-id=\"6cc998d\" data-element_type=\"section\">\n\t\t\t\t\t\t<div class=\"elementor-container elementor-column-gap-default\">\n\t\t\t\t\t<div class=\"elementor-column elementor-col-100 elementor-top-column elementor-element elementor-element-32ffb44\" data-id=\"32ffb44\" data-element_type=\"column\">\n\t\t\t<div class=\"elementor-widget-wrap elementor-element-populated\">\n\t\t\t\t\t\t<div class=\"elementor-element elementor-element-d8c10f6 elementor-widget elementor-widget-wppb-recover-password\" data-id=\"d8c10f6\" data-element_type=\"widget\" data-widget_type=\"wppb-recover-password.default\">\n\t\t\t\t<div class=\"elementor-widget-container\">\n\t\t\t<div class=\"wppb-recover-password-form-widget\"><div class=\"wppb_holder\" id=\"wppb-recover-password-container\">\t<form enctype=\"multipart\/form-data\" method=\"post\" id=\"wppb-recover-password\" class=\"wppb-user-forms\" action=\"https:\/\/dojo.deeamo.fr\/index.php\/wp-json\/wp\/v2\/pages\/17584\">\n\t<p>Please enter your email address.<br \/>You will receive a link to create a new password via email.<\/p><ul>\n\t\t\t<li class=\"wppb-form-field wppb-username-email\">\n\t\t\t\t<label for=\"username_email\">Email<\/label>\n\t\t\t\t<input class=\"text-input\" name=\"username_email\" type=\"text\" id=\"username_email\" value=\"\"  \/>\n\t\t\t<\/li><!-- .username_email --><\/ul>\t<p class=\"form-submit\">\n\t\t\t\t<input name=\"recover_password\" type=\"submit\" id=\"wppb-recover-password-button\" class=\"submit button\" value=\"Get Reset Link\" \/>\n\t\t<input name=\"action\" type=\"hidden\" id=\"action\" value=\"recover_password\" \/>\n\t<\/p>\n\t<input type=\"hidden\" id=\"password_recovery_nonce_field\" name=\"password_recovery_nonce_field\" value=\"3b9adbe919\" \/><input type=\"hidden\" name=\"_wp_http_referer\" value=\"\/index.php\/wp-json\/wp\/v2\/pages\/17584\" \/>\t<\/form>\n\t<\/div><\/div>\t\t<\/div>\n\t\t\t\t<\/div>\n\t\t\t\t\t<\/div>\n\t\t<\/div>\n\t\t\t\t\t<\/div>\n\t\t<\/section>\n\t\t\t\t<\/div>\n\t\t","protected":false},"excerpt":{"rendered":"<p>Vous \u00eates d\u00e9j\u00e0 connect\u00e9. Vous pouvez changer votre mot de passe dans le formulaire de modification de profile.<\/p>\n","protected":false},"author":1,"featured_media":0,"parent":0,"menu_order":0,"comment_status":"closed","ping_status":"closed","template":"","meta":{"_kad_post_transparent":"","_kad_post_title":"hide","_kad_post_layout":"fullwidth","_kad_post_sidebar_id":"","_kad_post_content_style":"unboxed","_kad_post_vertical_padding":"hide","_kad_post_feature":"hide","_kad_post_feature_position":"","_kad_post_header":false,"_kad_post_footer":false,"footnotes":""},"class_list":["post-17584","page","type-page","status-publish","hentry"],"yoast_head":"<!-- This site is optimized with the Yoast SEO plugin v25.6 - https:\/\/yoast.com\/wordpress\/plugins\/seo\/ -->\n<title>Modifier mon mot de passe - Deeamo DOJO<\/title>\n<meta name=\"robots\" content=\"index, follow, max-snippet:-1, max-image-preview:large, max-video-preview:-1\" \/>\n<link rel=\"canonical\" href=\"https:\/\/dojo.deeamo.fr\/index.php\/fr\/modifier-mon-mot-de-passe\/\" \/>\n<meta property=\"og:locale\" content=\"fr_FR\" \/>\n<meta property=\"og:type\" content=\"article\" \/>\n<meta property=\"og:title\" content=\"Modifier mon mot de passe - Deeamo DOJO\" \/>\n<meta property=\"og:description\" content=\"Vous \u00eates d\u00e9j\u00e0 connect\u00e9. Vous pouvez changer votre mot de passe dans le formulaire de modification de profile.\" \/>\n<meta property=\"og:url\" content=\"https:\/\/dojo.deeamo.fr\/index.php\/fr\/modifier-mon-mot-de-passe\/\" \/>\n<meta property=\"og:site_name\" content=\"Deeamo DOJO\" \/>\n<meta property=\"article:modified_time\" content=\"2022-09-13T08:34:31+00:00\" \/>\n<meta name=\"twitter:card\" content=\"summary_large_image\" \/>\n<meta name=\"twitter:label1\" content=\"Dur\u00e9e de lecture estim\u00e9e\" \/>\n\t<meta name=\"twitter:data1\" content=\"1 minute\" \/>\n<script type=\"application\/ld+json\" class=\"yoast-schema-graph\">{\"@context\":\"https:\/\/schema.org\",\"@graph\":[{\"@type\":\"WebPage\",\"@id\":\"https:\/\/dojo.deeamo.fr\/index.php\/fr\/modifier-mon-mot-de-passe\/\",\"url\":\"https:\/\/dojo.deeamo.fr\/index.php\/fr\/modifier-mon-mot-de-passe\/\",\"name\":\"Modifier mon mot de passe - Deeamo DOJO\",\"isPartOf\":{\"@id\":\"https:\/\/dojo.deeamo.fr\/#website\"},\"datePublished\":\"2022-09-13T07:50:32+00:00\",\"dateModified\":\"2022-09-13T08:34:31+00:00\",\"breadcrumb\":{\"@id\":\"https:\/\/dojo.deeamo.fr\/index.php\/fr\/modifier-mon-mot-de-passe\/#breadcrumb\"},\"inLanguage\":\"fr-FR\",\"potentialAction\":[{\"@type\":\"ReadAction\",\"target\":[\"https:\/\/dojo.deeamo.fr\/index.php\/fr\/modifier-mon-mot-de-passe\/\"]}]},{\"@type\":\"BreadcrumbList\",\"@id\":\"https:\/\/dojo.deeamo.fr\/index.php\/fr\/modifier-mon-mot-de-passe\/#breadcrumb\",\"itemListElement\":[{\"@type\":\"ListItem\",\"position\":1,\"name\":\"Accueil\",\"item\":\"https:\/\/dojo.deeamo.fr\/index.php\/fr\/deeamo-dojo\/\"},{\"@type\":\"ListItem\",\"position\":2,\"name\":\"Modifier mon mot de passe\"}]},{\"@type\":\"WebSite\",\"@id\":\"https:\/\/dojo.deeamo.fr\/#website\",\"url\":\"https:\/\/dojo.deeamo.fr\/\",\"name\":\"Deeamo DOJO\",\"description\":\"Retrouve toutes tes formations \u00e0 l&#039;Animation 2D dans le Dojo\",\"publisher\":{\"@id\":\"https:\/\/dojo.deeamo.fr\/#organization\"},\"potentialAction\":[{\"@type\":\"SearchAction\",\"target\":{\"@type\":\"EntryPoint\",\"urlTemplate\":\"https:\/\/dojo.deeamo.fr\/?s={search_term_string}\"},\"query-input\":{\"@type\":\"PropertyValueSpecification\",\"valueRequired\":true,\"valueName\":\"search_term_string\"}}],\"inLanguage\":\"fr-FR\"},{\"@type\":\"Organization\",\"@id\":\"https:\/\/dojo.deeamo.fr\/#organization\",\"name\":\"Deeamo DOJO\",\"url\":\"https:\/\/dojo.deeamo.fr\/\",\"logo\":{\"@type\":\"ImageObject\",\"inLanguage\":\"fr-FR\",\"@id\":\"https:\/\/dojo.deeamo.fr\/#\/schema\/logo\/image\/\",\"url\":\"https:\/\/dojo.deeamo.fr\/wp-content\/uploads\/2021\/03\/cropped-DOJO_SamuraI\u0308_logo.jpg\",\"contentUrl\":\"https:\/\/dojo.deeamo.fr\/wp-content\/uploads\/2021\/03\/cropped-DOJO_SamuraI\u0308_logo.jpg\",\"width\":355,\"height\":250,\"caption\":\"Deeamo DOJO\"},\"image\":{\"@id\":\"https:\/\/dojo.deeamo.fr\/#\/schema\/logo\/image\/\"}}]}<\/script>\n<!-- \/ Yoast SEO plugin. -->","yoast_head_json":{"title":"Modifier mon mot de passe - Deeamo DOJO","robots":{"index":"index","follow":"follow","max-snippet":"max-snippet:-1","max-image-preview":"max-image-preview:large","max-video-preview":"max-video-preview:-1"},"canonical":"https:\/\/dojo.deeamo.fr\/index.php\/fr\/modifier-mon-mot-de-passe\/","og_locale":"fr_FR","og_type":"article","og_title":"Modifier mon mot de passe - Deeamo DOJO","og_description":"Vous \u00eates d\u00e9j\u00e0 connect\u00e9. Vous pouvez changer votre mot de passe dans le formulaire de modification de profile.","og_url":"https:\/\/dojo.deeamo.fr\/index.php\/fr\/modifier-mon-mot-de-passe\/","og_site_name":"Deeamo DOJO","article_modified_time":"2022-09-13T08:34:31+00:00","twitter_card":"summary_large_image","twitter_misc":{"Dur\u00e9e de lecture estim\u00e9e":"1 minute"},"schema":{"@context":"https:\/\/schema.org","@graph":[{"@type":"WebPage","@id":"https:\/\/dojo.deeamo.fr\/index.php\/fr\/modifier-mon-mot-de-passe\/","url":"https:\/\/dojo.deeamo.fr\/index.php\/fr\/modifier-mon-mot-de-passe\/","name":"Modifier mon mot de passe - Deeamo DOJO","isPartOf":{"@id":"https:\/\/dojo.deeamo.fr\/#website"},"datePublished":"2022-09-13T07:50:32+00:00","dateModified":"2022-09-13T08:34:31+00:00","breadcrumb":{"@id":"https:\/\/dojo.deeamo.fr\/index.php\/fr\/modifier-mon-mot-de-passe\/#breadcrumb"},"inLanguage":"fr-FR","potentialAction":[{"@type":"ReadAction","target":["https:\/\/dojo.deeamo.fr\/index.php\/fr\/modifier-mon-mot-de-passe\/"]}]},{"@type":"BreadcrumbList","@id":"https:\/\/dojo.deeamo.fr\/index.php\/fr\/modifier-mon-mot-de-passe\/#breadcrumb","itemListElement":[{"@type":"ListItem","position":1,"name":"Accueil","item":"https:\/\/dojo.deeamo.fr\/index.php\/fr\/deeamo-dojo\/"},{"@type":"ListItem","position":2,"name":"Modifier mon mot de passe"}]},{"@type":"WebSite","@id":"https:\/\/dojo.deeamo.fr\/#website","url":"https:\/\/dojo.deeamo.fr\/","name":"Deeamo DOJO","description":"Retrouve toutes tes formations \u00e0 l&#039;Animation 2D dans le Dojo","publisher":{"@id":"https:\/\/dojo.deeamo.fr\/#organization"},"potentialAction":[{"@type":"SearchAction","target":{"@type":"EntryPoint","urlTemplate":"https:\/\/dojo.deeamo.fr\/?s={search_term_string}"},"query-input":{"@type":"PropertyValueSpecification","valueRequired":true,"valueName":"search_term_string"}}],"inLanguage":"fr-FR"},{"@type":"Organization","@id":"https:\/\/dojo.deeamo.fr\/#organization","name":"Deeamo DOJO","url":"https:\/\/dojo.deeamo.fr\/","logo":{"@type":"ImageObject","inLanguage":"fr-FR","@id":"https:\/\/dojo.deeamo.fr\/#\/schema\/logo\/image\/","url":"https:\/\/dojo.deeamo.fr\/wp-content\/uploads\/2021\/03\/cropped-DOJO_SamuraI\u0308_logo.jpg","contentUrl":"https:\/\/dojo.deeamo.fr\/wp-content\/uploads\/2021\/03\/cropped-DOJO_SamuraI\u0308_logo.jpg","width":355,"height":250,"caption":"Deeamo DOJO"},"image":{"@id":"https:\/\/dojo.deeamo.fr\/#\/schema\/logo\/image\/"}}]}},"_links":{"self":[{"href":"https:\/\/dojo.deeamo.fr\/index.php\/wp-json\/wp\/v2\/pages\/17584","targetHints":{"allow":["GET"]}}],"collection":[{"href":"https:\/\/dojo.deeamo.fr\/index.php\/wp-json\/wp\/v2\/pages"}],"about":[{"href":"https:\/\/dojo.deeamo.fr\/index.php\/wp-json\/wp\/v2\/types\/page"}],"author":[{"embeddable":true,"href":"https:\/\/dojo.deeamo.fr\/index.php\/wp-json\/wp\/v2\/users\/1"}],"replies":[{"embeddable":true,"href":"https:\/\/dojo.deeamo.fr\/index.php\/wp-json\/wp\/v2\/comments?post=17584"}],"version-history":[{"count":7,"href":"https:\/\/dojo.deeamo.fr\/index.php\/wp-json\/wp\/v2\/pages\/17584\/revisions"}],"predecessor-version":[{"id":17619,"href":"https:\/\/dojo.deeamo.fr\/index.php\/wp-json\/wp\/v2\/pages\/17584\/revisions\/17619"}],"wp:attachment":[{"href":"https:\/\/dojo.deeamo.fr\/index.php\/wp-json\/wp\/v2\/media?parent=17584"}],"curies":[{"name":"wp","href":"https:\/\/api.w.org\/{rel}","templated":true}]}}