{"id":1999,"date":"2021-04-04T09:38:00","date_gmt":"2021-04-04T09:38:00","guid":{"rendered":"https:\/\/dojo.deeamo.fr\/?post_type=product&#038;p=1999"},"modified":"2025-12-01T08:58:38","modified_gmt":"2025-12-01T08:58:38","slug":"game-concept_art-training-2","status":"publish","type":"product","link":"https:\/\/dojo.deeamo.fr\/index.php\/produit\/game-concept_art-training-2\/","title":{"rendered":"STYLE 2D ULTIME | Affirme ton identit\u00e9 graphique &#8211; Illustration &#8211; Animation"},"content":{"rendered":"","protected":false},"excerpt":{"rendered":"<p style=\"text-align: center;\"><span style=\"font-family: impact, chicago; font-size: 32px;\"><strong>Nouveau : la m\u00e9thode pour forger et affirmer ton style graphique.<\/strong> <\/span><br \/>\n<span style=\"font-size: 21px; font-family: arial, helvetica, sans-serif;\">Et comprendre enfin comment font les artistes qui te font baver.<\/span><\/p>\n<p>Dans cette formation tu partiras en qu\u00eate de ton style graphique.<br \/>\nApr\u00e8s une s\u00e9rie de Tutos et vid\u00e9os th\u00e9oriques, tu entameras la d\u00e9couverte de TON style graphique.<br \/>\nPour arriver \u00e0 cela tu vas devoir travailler sur papier et sur tablette (Photoshop\/Procreate\/Animate\/ le soft de ton choix) avec les nombreux exercices et challenges que je vais t&#8217;imposer.<br \/>\nTu d\u00e9couvriras la m\u00e9thode en 4 \u00e9tapes pour r\u00e9aliser un Braquage Artistique parfait et t&#8217;\u00e9viter de stagner par peur de copier.<\/p>\n","protected":false},"featured_media":4459,"comment_status":"open","ping_status":"closed","template":"","meta":{"_kad_post_transparent":"default","_kad_post_title":"","_kad_post_layout":"default","_kad_post_sidebar_id":"","_kad_post_content_style":"default","_kad_post_vertical_padding":"default","_kad_post_feature":"","_kad_post_feature_position":"","_kad_post_header":false,"_kad_post_footer":false},"product_brand":[],"product_cat":[31,38],"product_tag":[],"class_list":{"0":"post-1999","1":"product","2":"type-product","3":"status-publish","4":"has-post-thumbnail","6":"product_cat-indispensable","7":"product_cat-style","9":"first","10":"instock","11":"virtual","12":"sold-individually","13":"purchasable","14":"product-type-simple","15":"entry","16":"content-bg","17":"loop-entry"},"yoast_head":"<!-- This site is optimized with the Yoast SEO plugin v25.6 - https:\/\/yoast.com\/wordpress\/plugins\/seo\/ -->\n<title>STYLE 2D ULTIME | Affirme ton identit\u00e9 graphique - Illustration - Animation - Deeamo DOJO<\/title>\n<meta name=\"robots\" content=\"index, follow, max-snippet:-1, max-image-preview:large, max-video-preview:-1\" \/>\n<link rel=\"canonical\" href=\"https:\/\/dojo.deeamo.fr\/index.php\/produit\/game-concept_art-training-2\/\" \/>\n<meta property=\"og:locale\" content=\"fr_FR\" \/>\n<meta property=\"og:type\" content=\"article\" \/>\n<meta property=\"og:title\" content=\"STYLE 2D ULTIME | Affirme ton identit\u00e9 graphique - Illustration - Animation - Deeamo DOJO\" \/>\n<meta property=\"og:description\" content=\"Nouveau : la m\u00e9thode pour forger et affirmer ton style graphique.  Et comprendre enfin comment font les artistes qui te font baver. Dans cette formation tu partiras en qu\u00eate de ton style graphique. Apr\u00e8s une s\u00e9rie de Tutos et vid\u00e9os th\u00e9oriques, tu entameras la d\u00e9couverte de TON style graphique. Pour arriver \u00e0 cela tu vas devoir travailler sur papier et sur tablette (Photoshop\/Procreate\/Animate\/ le soft de ton choix) avec les nombreux exercices et challenges que je vais t&#039;imposer. Tu d\u00e9couvriras la m\u00e9thode en 4 \u00e9tapes pour r\u00e9aliser un Braquage Artistique parfait et t&#039;\u00e9viter de stagner par peur de copier.\" \/>\n<meta property=\"og:url\" content=\"https:\/\/dojo.deeamo.fr\/index.php\/produit\/game-concept_art-training-2\/\" \/>\n<meta property=\"og:site_name\" content=\"Deeamo DOJO\" \/>\n<meta property=\"article:modified_time\" content=\"2025-12-01T08:58:38+00:00\" \/>\n<meta property=\"og:image\" content=\"https:\/\/dojo.deeamo.fr\/wp-content\/uploads\/2021\/04\/MOCKUP_Formations0013.jpg\" \/>\n\t<meta property=\"og:image:width\" content=\"1250\" \/>\n\t<meta property=\"og:image:height\" content=\"651\" \/>\n\t<meta property=\"og:image:type\" content=\"image\/jpeg\" \/>\n<meta name=\"twitter:card\" content=\"summary_large_image\" \/>\n<script type=\"application\/ld+json\" class=\"yoast-schema-graph\">{\"@context\":\"https:\/\/schema.org\",\"@graph\":[{\"@type\":\"WebPage\",\"@id\":\"https:\/\/dojo.deeamo.fr\/index.php\/produit\/game-concept_art-training-2\/\",\"url\":\"https:\/\/dojo.deeamo.fr\/index.php\/produit\/game-concept_art-training-2\/\",\"name\":\"STYLE 2D ULTIME | Affirme ton identit\u00e9 graphique - Illustration - Animation - Deeamo DOJO\",\"isPartOf\":{\"@id\":\"https:\/\/dojo.deeamo.fr\/#website\"},\"primaryImageOfPage\":{\"@id\":\"https:\/\/dojo.deeamo.fr\/index.php\/produit\/game-concept_art-training-2\/#primaryimage\"},\"image\":{\"@id\":\"https:\/\/dojo.deeamo.fr\/index.php\/produit\/game-concept_art-training-2\/#primaryimage\"},\"thumbnailUrl\":\"https:\/\/dojo.deeamo.fr\/wp-content\/uploads\/2021\/04\/MOCKUP_Formations0013.jpg\",\"datePublished\":\"2021-04-04T09:38:00+00:00\",\"dateModified\":\"2025-12-01T08:58:38+00:00\",\"breadcrumb\":{\"@id\":\"https:\/\/dojo.deeamo.fr\/index.php\/produit\/game-concept_art-training-2\/#breadcrumb\"},\"inLanguage\":\"fr-FR\",\"potentialAction\":[{\"@type\":\"ReadAction\",\"target\":[\"https:\/\/dojo.deeamo.fr\/index.php\/produit\/game-concept_art-training-2\/\"]}]},{\"@type\":\"ImageObject\",\"inLanguage\":\"fr-FR\",\"@id\":\"https:\/\/dojo.deeamo.fr\/index.php\/produit\/game-concept_art-training-2\/#primaryimage\",\"url\":\"https:\/\/dojo.deeamo.fr\/wp-content\/uploads\/2021\/04\/MOCKUP_Formations0013.jpg\",\"contentUrl\":\"https:\/\/dojo.deeamo.fr\/wp-content\/uploads\/2021\/04\/MOCKUP_Formations0013.jpg\",\"width\":1250,\"height\":651},{\"@type\":\"BreadcrumbList\",\"@id\":\"https:\/\/dojo.deeamo.fr\/index.php\/produit\/game-concept_art-training-2\/#breadcrumb\",\"itemListElement\":[{\"@type\":\"ListItem\",\"position\":1,\"name\":\"Accueil\",\"item\":\"https:\/\/dojo.deeamo.fr\/index.php\/fr\/deeamo-dojo\/\"},{\"@type\":\"ListItem\",\"position\":2,\"name\":\"Boutique\",\"item\":\"https:\/\/dojo.deeamo.fr\/index.php\/boutique\/\"},{\"@type\":\"ListItem\",\"position\":3,\"name\":\"STYLE 2D ULTIME | Affirme ton identit\u00e9 graphique &#8211; Illustration &#8211; Animation\"}]},{\"@type\":\"WebSite\",\"@id\":\"https:\/\/dojo.deeamo.fr\/#website\",\"url\":\"https:\/\/dojo.deeamo.fr\/\",\"name\":\"Deeamo DOJO\",\"description\":\"Retrouve toutes tes formations \u00e0 l&#039;Animation 2D dans le Dojo\",\"publisher\":{\"@id\":\"https:\/\/dojo.deeamo.fr\/#organization\"},\"potentialAction\":[{\"@type\":\"SearchAction\",\"target\":{\"@type\":\"EntryPoint\",\"urlTemplate\":\"https:\/\/dojo.deeamo.fr\/?s={search_term_string}\"},\"query-input\":{\"@type\":\"PropertyValueSpecification\",\"valueRequired\":true,\"valueName\":\"search_term_string\"}}],\"inLanguage\":\"fr-FR\"},{\"@type\":\"Organization\",\"@id\":\"https:\/\/dojo.deeamo.fr\/#organization\",\"name\":\"Deeamo DOJO\",\"url\":\"https:\/\/dojo.deeamo.fr\/\",\"logo\":{\"@type\":\"ImageObject\",\"inLanguage\":\"fr-FR\",\"@id\":\"https:\/\/dojo.deeamo.fr\/#\/schema\/logo\/image\/\",\"url\":\"https:\/\/dojo.deeamo.fr\/wp-content\/uploads\/2021\/03\/cropped-DOJO_SamuraI\u0308_logo.jpg\",\"contentUrl\":\"https:\/\/dojo.deeamo.fr\/wp-content\/uploads\/2021\/03\/cropped-DOJO_SamuraI\u0308_logo.jpg\",\"width\":355,\"height\":250,\"caption\":\"Deeamo DOJO\"},\"image\":{\"@id\":\"https:\/\/dojo.deeamo.fr\/#\/schema\/logo\/image\/\"}}]}<\/script>\n<!-- \/ Yoast SEO plugin. -->","yoast_head_json":{"title":"STYLE 2D ULTIME | Affirme ton identit\u00e9 graphique - Illustration - Animation - Deeamo DOJO","robots":{"index":"index","follow":"follow","max-snippet":"max-snippet:-1","max-image-preview":"max-image-preview:large","max-video-preview":"max-video-preview:-1"},"canonical":"https:\/\/dojo.deeamo.fr\/index.php\/produit\/game-concept_art-training-2\/","og_locale":"fr_FR","og_type":"article","og_title":"STYLE 2D ULTIME | Affirme ton identit\u00e9 graphique - Illustration - Animation - Deeamo DOJO","og_description":"Nouveau : la m\u00e9thode pour forger et affirmer ton style graphique.  Et comprendre enfin comment font les artistes qui te font baver. Dans cette formation tu partiras en qu\u00eate de ton style graphique. Apr\u00e8s une s\u00e9rie de Tutos et vid\u00e9os th\u00e9oriques, tu entameras la d\u00e9couverte de TON style graphique. Pour arriver \u00e0 cela tu vas devoir travailler sur papier et sur tablette (Photoshop\/Procreate\/Animate\/ le soft de ton choix) avec les nombreux exercices et challenges que je vais t'imposer. Tu d\u00e9couvriras la m\u00e9thode en 4 \u00e9tapes pour r\u00e9aliser un Braquage Artistique parfait et t'\u00e9viter de stagner par peur de copier.","og_url":"https:\/\/dojo.deeamo.fr\/index.php\/produit\/game-concept_art-training-2\/","og_site_name":"Deeamo DOJO","article_modified_time":"2025-12-01T08:58:38+00:00","og_image":[{"width":1250,"height":651,"url":"https:\/\/dojo.deeamo.fr\/wp-content\/uploads\/2021\/04\/MOCKUP_Formations0013.jpg","type":"image\/jpeg"}],"twitter_card":"summary_large_image","schema":{"@context":"https:\/\/schema.org","@graph":[{"@type":"WebPage","@id":"https:\/\/dojo.deeamo.fr\/index.php\/produit\/game-concept_art-training-2\/","url":"https:\/\/dojo.deeamo.fr\/index.php\/produit\/game-concept_art-training-2\/","name":"STYLE 2D ULTIME | Affirme ton identit\u00e9 graphique - Illustration - Animation - Deeamo DOJO","isPartOf":{"@id":"https:\/\/dojo.deeamo.fr\/#website"},"primaryImageOfPage":{"@id":"https:\/\/dojo.deeamo.fr\/index.php\/produit\/game-concept_art-training-2\/#primaryimage"},"image":{"@id":"https:\/\/dojo.deeamo.fr\/index.php\/produit\/game-concept_art-training-2\/#primaryimage"},"thumbnailUrl":"https:\/\/dojo.deeamo.fr\/wp-content\/uploads\/2021\/04\/MOCKUP_Formations0013.jpg","datePublished":"2021-04-04T09:38:00+00:00","dateModified":"2025-12-01T08:58:38+00:00","breadcrumb":{"@id":"https:\/\/dojo.deeamo.fr\/index.php\/produit\/game-concept_art-training-2\/#breadcrumb"},"inLanguage":"fr-FR","potentialAction":[{"@type":"ReadAction","target":["https:\/\/dojo.deeamo.fr\/index.php\/produit\/game-concept_art-training-2\/"]}]},{"@type":"ImageObject","inLanguage":"fr-FR","@id":"https:\/\/dojo.deeamo.fr\/index.php\/produit\/game-concept_art-training-2\/#primaryimage","url":"https:\/\/dojo.deeamo.fr\/wp-content\/uploads\/2021\/04\/MOCKUP_Formations0013.jpg","contentUrl":"https:\/\/dojo.deeamo.fr\/wp-content\/uploads\/2021\/04\/MOCKUP_Formations0013.jpg","width":1250,"height":651},{"@type":"BreadcrumbList","@id":"https:\/\/dojo.deeamo.fr\/index.php\/produit\/game-concept_art-training-2\/#breadcrumb","itemListElement":[{"@type":"ListItem","position":1,"name":"Accueil","item":"https:\/\/dojo.deeamo.fr\/index.php\/fr\/deeamo-dojo\/"},{"@type":"ListItem","position":2,"name":"Boutique","item":"https:\/\/dojo.deeamo.fr\/index.php\/boutique\/"},{"@type":"ListItem","position":3,"name":"STYLE 2D ULTIME | Affirme ton identit\u00e9 graphique &#8211; Illustration &#8211; Animation"}]},{"@type":"WebSite","@id":"https:\/\/dojo.deeamo.fr\/#website","url":"https:\/\/dojo.deeamo.fr\/","name":"Deeamo DOJO","description":"Retrouve toutes tes formations \u00e0 l&#039;Animation 2D dans le Dojo","publisher":{"@id":"https:\/\/dojo.deeamo.fr\/#organization"},"potentialAction":[{"@type":"SearchAction","target":{"@type":"EntryPoint","urlTemplate":"https:\/\/dojo.deeamo.fr\/?s={search_term_string}"},"query-input":{"@type":"PropertyValueSpecification","valueRequired":true,"valueName":"search_term_string"}}],"inLanguage":"fr-FR"},{"@type":"Organization","@id":"https:\/\/dojo.deeamo.fr\/#organization","name":"Deeamo DOJO","url":"https:\/\/dojo.deeamo.fr\/","logo":{"@type":"ImageObject","inLanguage":"fr-FR","@id":"https:\/\/dojo.deeamo.fr\/#\/schema\/logo\/image\/","url":"https:\/\/dojo.deeamo.fr\/wp-content\/uploads\/2021\/03\/cropped-DOJO_SamuraI\u0308_logo.jpg","contentUrl":"https:\/\/dojo.deeamo.fr\/wp-content\/uploads\/2021\/03\/cropped-DOJO_SamuraI\u0308_logo.jpg","width":355,"height":250,"caption":"Deeamo DOJO"},"image":{"@id":"https:\/\/dojo.deeamo.fr\/#\/schema\/logo\/image\/"}}]}},"_links":{"self":[{"href":"https:\/\/dojo.deeamo.fr\/index.php\/wp-json\/wp\/v2\/product\/1999","targetHints":{"allow":["GET"]}}],"collection":[{"href":"https:\/\/dojo.deeamo.fr\/index.php\/wp-json\/wp\/v2\/product"}],"about":[{"href":"https:\/\/dojo.deeamo.fr\/index.php\/wp-json\/wp\/v2\/types\/product"}],"replies":[{"embeddable":true,"href":"https:\/\/dojo.deeamo.fr\/index.php\/wp-json\/wp\/v2\/comments?post=1999"}],"version-history":[{"count":4,"href":"https:\/\/dojo.deeamo.fr\/index.php\/wp-json\/wp\/v2\/product\/1999\/revisions"}],"predecessor-version":[{"id":2205,"href":"https:\/\/dojo.deeamo.fr\/index.php\/wp-json\/wp\/v2\/product\/1999\/revisions\/2205"}],"wp:featuredmedia":[{"embeddable":true,"href":"https:\/\/dojo.deeamo.fr\/index.php\/wp-json\/wp\/v2\/media\/4459"}],"wp:attachment":[{"href":"https:\/\/dojo.deeamo.fr\/index.php\/wp-json\/wp\/v2\/media?parent=1999"}],"wp:term":[{"taxonomy":"product_brand","embeddable":true,"href":"https:\/\/dojo.deeamo.fr\/index.php\/wp-json\/wp\/v2\/product_brand?post=1999"},{"taxonomy":"product_cat","embeddable":true,"href":"https:\/\/dojo.deeamo.fr\/index.php\/wp-json\/wp\/v2\/product_cat?post=1999"},{"taxonomy":"product_tag","embeddable":true,"href":"https:\/\/dojo.deeamo.fr\/index.php\/wp-json\/wp\/v2\/product_tag?post=1999"}],"curies":[{"name":"wp","href":"https:\/\/api.w.org\/{rel}","templated":true}]}}